{"id":28,"date":"2018-03-19T16:31:26","date_gmt":"2018-03-19T16:31:26","guid":{"rendered":"https:\/\/demo.cocobasic.com\/kapena-wp\/?page_id=28"},"modified":"2023-09-12T12:58:29","modified_gmt":"2023-09-12T12:58:29","slug":"anasayfa","status":"publish","type":"page","link":"https:\/\/ariftasker.com\/","title":{"rendered":"Anasayfa"},"content":{"rendered":"<\/div><div class=\"full-page-width center-relative\">\n<div id=\"portfolio-wrapper\"><ul class=\"grid\" id=\"portfolio-grid\"><li class=\"gutter-sizer\"><\/li><li class=\"grid-sizer\"><\/li><li class=\"grid-item element-item p_two_third\"><a class=\"item-link\" href=\"https:\/\/ariftasker.com\/index.php\/portfolio\/statik-proje\/\"><img loading=\"lazy\" decoding=\"async\" width=\"2001\" height=\"1336\" src=\"https:\/\/ariftasker.com\/wp-content\/uploads\/2018\/03\/architect-opening.jpg\" class=\"attachment-post-thumbnail size-post-thumbnail wp-post-image\" alt=\"architect-opening\" srcset=\"https:\/\/ariftasker.com\/wp-content\/uploads\/2018\/03\/architect-opening.jpg 2001w, https:\/\/ariftasker.com\/wp-content\/uploads\/2018\/03\/architect-opening-300x200.jpg 300w, https:\/\/ariftasker.com\/wp-content\/uploads\/2018\/03\/architect-opening-1024x684.jpg 1024w, https:\/\/ariftasker.com\/wp-content\/uploads\/2018\/03\/architect-opening-768x513.jpg 768w, https:\/\/ariftasker.com\/wp-content\/uploads\/2018\/03\/architect-opening-1536x1026.jpg 1536w\" sizes=\"auto, (max-width: 2001px) 100vw, 2001px\" \/><div class=\"portfolio-text-holder\"><p class=\"portfolio-title\">STAT\u0130K PROJE <\/p><p class=\"portfolio-desc\">\u0130nsaat M\u00fchendisi Arif TA\u015eKER<\/p><\/div><\/a><\/li><li class=\"grid-item element-item p_one_third\"><a class=\"item-link\" href=\"https:\/\/ariftasker.com\/index.php\/portfolio\/kontrolorluk\/\"><img loading=\"lazy\" decoding=\"async\" width=\"1800\" height=\"1201\" src=\"https:\/\/ariftasker.com\/wp-content\/uploads\/2018\/03\/construction.jpg\" class=\"attachment-post-thumbnail size-post-thumbnail wp-post-image\" alt=\"construction\" srcset=\"https:\/\/ariftasker.com\/wp-content\/uploads\/2018\/03\/construction.jpg 1800w, https:\/\/ariftasker.com\/wp-content\/uploads\/2018\/03\/construction-300x200.jpg 300w, https:\/\/ariftasker.com\/wp-content\/uploads\/2018\/03\/construction-1024x683.jpg 1024w, https:\/\/ariftasker.com\/wp-content\/uploads\/2018\/03\/construction-768x512.jpg 768w, https:\/\/ariftasker.com\/wp-content\/uploads\/2018\/03\/construction-1536x1025.jpg 1536w\" sizes=\"auto, (max-width: 1800px) 100vw, 1800px\" \/><div class=\"portfolio-text-holder\"><p class=\"portfolio-title\">KONTROL\u00d6RL\u00dcK <\/p><p class=\"portfolio-desc\">\u0130nsaat M\u00fchendisi Arif TA\u015eKER<\/p><\/div><\/a><\/li><li class=\"grid-item element-item p_one_third\"><a class=\"item-link\" href=\"https:\/\/ariftasker.com\/index.php\/portfolio\/santiye\/\"><img loading=\"lazy\" decoding=\"async\" width=\"1801\" height=\"1201\" src=\"https:\/\/ariftasker.com\/wp-content\/uploads\/2018\/03\/sketch.jpg\" class=\"attachment-post-thumbnail size-post-thumbnail wp-post-image\" alt=\"sketch\" srcset=\"https:\/\/ariftasker.com\/wp-content\/uploads\/2018\/03\/sketch.jpg 1801w, https:\/\/ariftasker.com\/wp-content\/uploads\/2018\/03\/sketch-300x200.jpg 300w, https:\/\/ariftasker.com\/wp-content\/uploads\/2018\/03\/sketch-1024x683.jpg 1024w, https:\/\/ariftasker.com\/wp-content\/uploads\/2018\/03\/sketch-768x512.jpg 768w, https:\/\/ariftasker.com\/wp-content\/uploads\/2018\/03\/sketch-1536x1024.jpg 1536w\" sizes=\"auto, (max-width: 1801px) 100vw, 1801px\" \/><div class=\"portfolio-text-holder\"><p class=\"portfolio-title\">\u015eANT\u0130YE\/HAFR\u0130YAT<\/p><p class=\"portfolio-desc\">\u0130nsaat M\u00fchendisi Arif TA\u015eKER<\/p><\/div><\/a><\/li><li class=\"grid-item element-item p_one_third\"><a class=\"item-link\" href=\"https:\/\/ariftasker.com\/index.php\/portfolio\/proje-yonetimi\/\"><img loading=\"lazy\" decoding=\"async\" width=\"1800\" height=\"1200\" src=\"https:\/\/ariftasker.com\/wp-content\/uploads\/2018\/03\/Untitled-3.jpg\" class=\"attachment-post-thumbnail size-post-thumbnail wp-post-image\" alt=\"proje-yonetimi\" srcset=\"https:\/\/ariftasker.com\/wp-content\/uploads\/2018\/03\/Untitled-3.jpg 1800w, https:\/\/ariftasker.com\/wp-content\/uploads\/2018\/03\/Untitled-3-300x200.jpg 300w, https:\/\/ariftasker.com\/wp-content\/uploads\/2018\/03\/Untitled-3-1024x683.jpg 1024w, https:\/\/ariftasker.com\/wp-content\/uploads\/2018\/03\/Untitled-3-768x512.jpg 768w, https:\/\/ariftasker.com\/wp-content\/uploads\/2018\/03\/Untitled-3-1536x1024.jpg 1536w\" sizes=\"auto, (max-width: 1800px) 100vw, 1800px\" \/><div class=\"portfolio-text-holder\"><p class=\"portfolio-title\">PROJE Y\u00d6NET\u0130M\u0130<\/p><p class=\"portfolio-desc\">\u0130nsaat M\u00fchendisi Arif TA\u015eKER<\/p><\/div><\/a><\/li><li class=\"grid-item element-item p_one_third\"><a class=\"item-link\" href=\"https:\/\/ariftasker.com\/index.php\/portfolio\/metraj\/\"><img loading=\"lazy\" decoding=\"async\" width=\"1920\" height=\"1080\" src=\"https:\/\/ariftasker.com\/wp-content\/uploads\/2018\/03\/Civil-Engineering-Projects.webp\" class=\"attachment-post-thumbnail size-post-thumbnail wp-post-image\" alt=\"Civil-Engineering-Projects\" srcset=\"https:\/\/ariftasker.com\/wp-content\/uploads\/2018\/03\/Civil-Engineering-Projects.webp 1920w, https:\/\/ariftasker.com\/wp-content\/uploads\/2018\/03\/Civil-Engineering-Projects-300x169.webp 300w, https:\/\/ariftasker.com\/wp-content\/uploads\/2018\/03\/Civil-Engineering-Projects-1024x576.webp 1024w, https:\/\/ariftasker.com\/wp-content\/uploads\/2018\/03\/Civil-Engineering-Projects-768x432.webp 768w, https:\/\/ariftasker.com\/wp-content\/uploads\/2018\/03\/Civil-Engineering-Projects-1536x864.webp 1536w\" sizes=\"auto, (max-width: 1920px) 100vw, 1920px\" \/><div class=\"portfolio-text-holder\"><p class=\"portfolio-title\">METRAJ<\/p><p class=\"portfolio-desc\">\u0130nsaat M\u00fchendisi Arif TA\u015eKER<\/p><\/div><\/a><\/li><li class=\"grid-item element-item p_one_third\"><a class=\"item-link\" href=\"https:\/\/ariftasker.com\/index.php\/portfolio\/hakedis\/\"><img loading=\"lazy\" decoding=\"async\" width=\"1024\" height=\"576\" src=\"https:\/\/ariftasker.com\/wp-content\/uploads\/2018\/03\/project.jpg\" class=\"attachment-post-thumbnail size-post-thumbnail wp-post-image\" alt=\"project\" srcset=\"https:\/\/ariftasker.com\/wp-content\/uploads\/2018\/03\/project.jpg 1024w, https:\/\/ariftasker.com\/wp-content\/uploads\/2018\/03\/project-300x169.jpg 300w, https:\/\/ariftasker.com\/wp-content\/uploads\/2018\/03\/project-768x432.jpg 768w\" sizes=\"auto, (max-width: 1024px) 100vw, 1024px\" \/><div class=\"portfolio-text-holder\"><p class=\"portfolio-title\">HAKED\u0130\u015e<\/p><p class=\"portfolio-desc\">\u0130nsaat M\u00fchendisi Arif TA\u015eKER<\/p><\/div><\/a><\/li><\/ul><div class=\"clear\"><\/div><\/div><div class = \"block center-relative center-text more-posts-portfolio-holder \"><a target = \"_self\" class = \"more-posts-portfolio\">LOAD MORE<\/a><a class = \"more-posts-portfolio-loading\">LOADING<\/a><a class = \"no-more-posts-portfolio\">NO MORE<\/a><\/div>\n<\/div><div class=\"content-1170 center-relative\">\n<div class = \"one_half \"><\/div>\n","protected":false},"excerpt":{"rendered":"","protected":false},"author":1,"featured_media":0,"parent":0,"menu_order":0,"comment_status":"closed","ping_status":"closed","template":"","meta":{"footnotes":""},"class_list":["post-28","page","type-page","status-publish","hentry"],"aioseo_notices":[],"_links":{"self":[{"href":"https:\/\/ariftasker.com\/index.php\/wp-json\/wp\/v2\/pages\/28","targetHints":{"allow":["GET"]}}],"collection":[{"href":"https:\/\/ariftasker.com\/index.php\/wp-json\/wp\/v2\/pages"}],"about":[{"href":"https:\/\/ariftasker.com\/index.php\/wp-json\/wp\/v2\/types\/page"}],"author":[{"embeddable":true,"href":"https:\/\/ariftasker.com\/index.php\/wp-json\/wp\/v2\/users\/1"}],"replies":[{"embeddable":true,"href":"https:\/\/ariftasker.com\/index.php\/wp-json\/wp\/v2\/comments?post=28"}],"version-history":[{"count":6,"href":"https:\/\/ariftasker.com\/index.php\/wp-json\/wp\/v2\/pages\/28\/revisions"}],"predecessor-version":[{"id":350,"href":"https:\/\/ariftasker.com\/index.php\/wp-json\/wp\/v2\/pages\/28\/revisions\/350"}],"wp:attachment":[{"href":"https:\/\/ariftasker.com\/index.php\/wp-json\/wp\/v2\/media?parent=28"}],"curies":[{"name":"wp","href":"https:\/\/api.w.org\/{rel}","templated":true}]}}