{"id":30,"date":"2018-03-19T16:31:38","date_gmt":"2018-03-19T16:31:38","guid":{"rendered":"https:\/\/demo.cocobasic.com\/kapena-wp\/?page_id=30"},"modified":"2023-09-12T12:29:55","modified_gmt":"2023-09-12T12:29:55","slug":"blog","status":"publish","type":"page","link":"https:\/\/ariftasker.com\/index.php\/blog\/","title":{"rendered":"Blog"},"content":{"rendered":"\n<p><\/p>\n\n\n<ul class=\"wp-block-latest-posts__list is-grid columns-3 wp-block-latest-posts\"><li><div class=\"wp-block-latest-posts__featured-image alignleft\"><img loading=\"lazy\" decoding=\"async\" width=\"150\" height=\"150\" src=\"https:\/\/ariftasker.com\/wp-content\/uploads\/2023\/09\/deprem-risk-raporu-150x150.webp\" class=\"attachment-thumbnail size-thumbnail wp-post-image\" alt=\"deprem-risk-raporu\" style=\"\" \/><\/div><a class=\"wp-block-latest-posts__post-title\" href=\"https:\/\/ariftasker.com\/index.php\/2023\/09\/12\/yapisal-saglamlik-ve-deprem-risk-degerlendirmesi-icin-yeni-yaklasimlar\/\">Yap\u0131sal Sa\u011flaml\u0131k ve Deprem Risk De\u011ferlendirmesi i\u00e7in Yeni Yakla\u015f\u0131mlar<\/a><\/li>\n<li><div class=\"wp-block-latest-posts__featured-image alignleft\"><img loading=\"lazy\" decoding=\"async\" width=\"150\" height=\"150\" src=\"https:\/\/ariftasker.com\/wp-content\/uploads\/2023\/09\/akilli-sehirler-150x150.jpg\" class=\"attachment-thumbnail size-thumbnail wp-post-image\" alt=\"akilli-sehirler\" style=\"\" \/><\/div><a class=\"wp-block-latest-posts__post-title\" href=\"https:\/\/ariftasker.com\/index.php\/2023\/09\/12\/sehir-altyapisinin-yeniden-dusunulmesi-akilli-sehirler-ve-ulasim-iyilestirmeleri\/\">\u015eehir Altyap\u0131s\u0131n\u0131n Yeniden D\u00fc\u015f\u00fcn\u00fclmesi: Ak\u0131ll\u0131 \u015eehirler ve Ula\u015f\u0131m \u0130yile\u015ftirmeleri<\/a><\/li>\n<li><div class=\"wp-block-latest-posts__featured-image alignleft\"><img loading=\"lazy\" decoding=\"async\" width=\"150\" height=\"150\" src=\"https:\/\/ariftasker.com\/wp-content\/uploads\/2023\/09\/karbon-ayakizi-150x150.webp\" class=\"attachment-thumbnail size-thumbnail wp-post-image\" alt=\"karbon-ayakizi\" style=\"\" \/><\/div><a class=\"wp-block-latest-posts__post-title\" href=\"https:\/\/ariftasker.com\/index.php\/2023\/09\/12\/surdurulebilir-insaat-projelerinde-karbon-ayak-izi-azaltimi-yeni-yaklasimlar-ve-teknolojiler\/\">S\u00fcrd\u00fcr\u00fclebilir \u0130n\u015faat Projelerinde Karbon Ayak \u0130zi Azalt\u0131m\u0131: Yeni Yakla\u015f\u0131mlar ve Teknolojiler<\/a><\/li>\n<li><div class=\"wp-block-latest-posts__featured-image alignleft\"><img loading=\"lazy\" decoding=\"async\" width=\"150\" height=\"150\" src=\"https:\/\/ariftasker.com\/wp-content\/uploads\/2023\/09\/su-kaynaklari-yonetimi-150x150.jpg\" class=\"attachment-thumbnail size-thumbnail wp-post-image\" alt=\"su-kaynaklari-yonetimi\" style=\"\" \/><\/div><a class=\"wp-block-latest-posts__post-title\" href=\"https:\/\/ariftasker.com\/index.php\/2023\/09\/12\/su-kaynaklari-yonetimi-ve-insaat-projeleri-kuraklik-ve-iklim-degisikligi-ile-mucadele\/\">Su Kaynaklar\u0131 Y\u00f6netimi ve \u0130n\u015faat Projeleri: Kurakl\u0131k ve \u0130klim De\u011fi\u015fikli\u011fi ile M\u00fccadele<\/a><\/li>\n<li><div class=\"wp-block-latest-posts__featured-image alignleft\"><img loading=\"lazy\" decoding=\"async\" width=\"150\" height=\"150\" src=\"https:\/\/ariftasker.com\/wp-content\/uploads\/2023\/09\/kentsel-donusum-projeleri-150x150.jpg\" class=\"attachment-thumbnail size-thumbnail wp-post-image\" alt=\"kentsel-donusum-projeleri\" style=\"\" \/><\/div><a class=\"wp-block-latest-posts__post-title\" href=\"https:\/\/ariftasker.com\/index.php\/2023\/09\/12\/kentsel-donusum-projelerinin-sosyal-ve-cevresel-etkileri-bir-inceleme\/\">Kentsel D\u00f6n\u00fc\u015f\u00fcm Projelerinin Sosyal ve \u00c7evresel Etkileri: Bir \u0130nceleme<\/a><\/li>\n<li><div class=\"wp-block-latest-posts__featured-image alignleft\"><img loading=\"lazy\" decoding=\"async\" width=\"150\" height=\"150\" src=\"https:\/\/ariftasker.com\/wp-content\/uploads\/2023\/09\/insaat-iscileri-sagligi-150x150.jpg\" class=\"attachment-thumbnail size-thumbnail wp-post-image\" alt=\"insaat-iscileri-sagligi\" style=\"\" \/><\/div><a class=\"wp-block-latest-posts__post-title\" href=\"https:\/\/ariftasker.com\/index.php\/2023\/09\/12\/insaat-iscileri-sagligi-ve-guvenligi-en-iyi-uygulamalar-ve-iyilestirmeler\/\">\u0130n\u015faat \u0130\u015f\u00e7ileri Sa\u011fl\u0131\u011f\u0131 ve G\u00fcvenli\u011fi: En \u0130yi Uygulamalar ve \u0130yile\u015ftirmeler<\/a><\/li>\n<li><div class=\"wp-block-latest-posts__featured-image alignleft\"><img loading=\"lazy\" decoding=\"async\" width=\"150\" height=\"150\" src=\"https:\/\/ariftasker.com\/wp-content\/uploads\/2023\/09\/cevre-dostu-uygulamalar-150x150.png\" class=\"attachment-thumbnail size-thumbnail wp-post-image\" alt=\"cevre-dostu-uygulamalar\" style=\"\" \/><\/div><a class=\"wp-block-latest-posts__post-title\" href=\"https:\/\/ariftasker.com\/index.php\/2023\/09\/12\/insaat-endustrisinde-cevre-dostu-uygulamalarin-yayginlastirilmasi-engeller-ve-firsatlar\/\">\u0130n\u015faat End\u00fcstrisinde \u00c7evre Dostu Uygulamalar\u0131n Yayg\u0131nla\u015ft\u0131r\u0131lmas\u0131: Engeller ve F\u0131rsatlar<\/a><\/li>\n<li><div class=\"wp-block-latest-posts__featured-image alignleft\"><img loading=\"lazy\" decoding=\"async\" width=\"150\" height=\"150\" src=\"https:\/\/ariftasker.com\/wp-content\/uploads\/2023\/09\/gelecegin-insaat-projeleri-150x150.jpg\" class=\"attachment-thumbnail size-thumbnail wp-post-image\" alt=\"gelecegin-insaat-projeleri\" style=\"\" \/><\/div><a class=\"wp-block-latest-posts__post-title\" href=\"https:\/\/ariftasker.com\/index.php\/2023\/09\/12\/gelecegin-insaat-projeleri-dijital-insaat-platformlari-ve-internetin-nesnelerin-interneti-iot-uygulamalari\/\">Gelece\u011fin \u0130n\u015faat Projeleri: Dijital \u0130n\u015faat Platformlar\u0131 ve \u0130nternetin Nesnelerin \u0130nterneti (IoT) Uygulamalar\u0131<\/a><\/li>\n<li><div class=\"wp-block-latest-posts__featured-image alignleft\"><img loading=\"lazy\" decoding=\"async\" width=\"150\" height=\"150\" src=\"https:\/\/ariftasker.com\/wp-content\/uploads\/2023\/09\/deprem-muhendisligi-150x150.jpg\" class=\"attachment-thumbnail size-thumbnail wp-post-image\" alt=\"deprem-muhendisligi\" style=\"\" \/><\/div><a class=\"wp-block-latest-posts__post-title\" href=\"https:\/\/ariftasker.com\/index.php\/2023\/09\/12\/deprem-muhendisligi-son-gelismeler-ve-deprem-dayanikli-yapi-tasarimi\/\">Deprem M\u00fchendisli\u011fi: Son Geli\u015fmeler ve Deprem Dayan\u0131kl\u0131 Yap\u0131 Tasar\u0131m\u0131<\/a><\/li>\n<li><div class=\"wp-block-latest-posts__featured-image alignleft\"><img loading=\"lazy\" decoding=\"async\" width=\"150\" height=\"150\" src=\"https:\/\/ariftasker.com\/wp-content\/uploads\/2023\/09\/beton-teknolojisi-150x150.jpg\" class=\"attachment-thumbnail size-thumbnail wp-post-image\" alt=\"beton-teknolojisi\" style=\"\" \/><\/div><a class=\"wp-block-latest-posts__post-title\" href=\"https:\/\/ariftasker.com\/index.php\/2023\/09\/12\/beton-teknolojisinin-gelecegi-karbon-azaltma-ve-yenilikci-malzemeler\/\">Beton Teknolojisinin Gelece\u011fi: Karbon Azaltma ve Yenilik\u00e7i Malzemeler<\/a><\/li>\n<\/ul>","protected":false},"excerpt":{"rendered":"","protected":false},"author":1,"featured_media":0,"parent":0,"menu_order":0,"comment_status":"closed","ping_status":"closed","template":"","meta":{"footnotes":""},"class_list":["post-30","page","type-page","status-publish","hentry"],"aioseo_notices":[],"_links":{"self":[{"href":"https:\/\/ariftasker.com\/index.php\/wp-json\/wp\/v2\/pages\/30","targetHints":{"allow":["GET"]}}],"collection":[{"href":"https:\/\/ariftasker.com\/index.php\/wp-json\/wp\/v2\/pages"}],"about":[{"href":"https:\/\/ariftasker.com\/index.php\/wp-json\/wp\/v2\/types\/page"}],"author":[{"embeddable":true,"href":"https:\/\/ariftasker.com\/index.php\/wp-json\/wp\/v2\/users\/1"}],"replies":[{"embeddable":true,"href":"https:\/\/ariftasker.com\/index.php\/wp-json\/wp\/v2\/comments?post=30"}],"version-history":[{"count":14,"href":"https:\/\/ariftasker.com\/index.php\/wp-json\/wp\/v2\/pages\/30\/revisions"}],"predecessor-version":[{"id":446,"href":"https:\/\/ariftasker.com\/index.php\/wp-json\/wp\/v2\/pages\/30\/revisions\/446"}],"wp:attachment":[{"href":"https:\/\/ariftasker.com\/index.php\/wp-json\/wp\/v2\/media?parent=30"}],"curies":[{"name":"wp","href":"https:\/\/api.w.org\/{rel}","templated":true}]}}