{"id":32,"date":"2018-03-19T16:31:45","date_gmt":"2018-03-19T16:31:45","guid":{"rendered":"https:\/\/demo.cocobasic.com\/kapena-wp\/?page_id=32"},"modified":"2023-06-19T11:53:40","modified_gmt":"2023-06-19T11:53:40","slug":"hakkimda","status":"publish","type":"page","link":"https:\/\/ariftasker.com\/index.php\/hakkimda\/","title":{"rendered":"Hakk\u0131mda"},"content":{"rendered":"<\/div><div class=\"full-page-width center-relative\">\n<script> var slider2_speed = \"2000\";\r\n                var slider2_auto = \"false\";                                \r\n                var slider2_items = \"1\";                \r\n                var slider2_gap = \"0\";                \r\n    <\/script>\r\n    <div id = \"slider2\" class=\"image-slider-wrapper relative swiper-container\">\r\n    <div class = \"swiper-wrapper image-slider slider\">\r\n            \n<div class=\"swiper-slide\"><img src = \"https:\/\/ariftasker.com\/wp-content\/uploads\/2023\/06\/about-me-1024x341.jpg\" alt = \"\" \/><\/div>\n\r\n        <\/div><div class = \"clear\"><\/div><\/div><div class=\"swiper-pagination swiper-pagination-slider2 \"><\/div><div class=\"swiper-scrollbar swiper-scrollbar-slider2 \"><\/div>\n<\/div><div class=\"content-1170 center-relative\">\n<p style=\"text-align: center;\"><strong>\u0130n\u015faat M\u00fchendisi Arif TA\u015eKER<\/strong><\/p>\n<p style=\"text-align: center;\"><strong>\u0130n\u015faat Dan\u0131\u015fmanl\u0131\u011f\u0131<\/strong><\/p>\n<p>\u00a0 \u00a0 \u00a0\u00c7e\u015fitli tiplerdeki gayrimenkul varl\u0131klar\u0131n\u0131 de\u011ferlendirmek, geli\u015ftirmek, s\u00fcrd\u00fcrmek ve uyarlamak i\u00e7in bina ve in\u015faa s\u00fcreci hakk\u0131nda geni\u015f bir teknik dan\u0131\u015fmanl\u0131k yelpazesi sunuyoruz.<\/p>\n<p>Biz proje ve maliyet y\u00f6neticileri, m\u00fchendisler, in\u015faat mimarlar\u0131y\u0131z. \u0130n\u015faat bilgimiz ve t\u00fcm \u00f6nemli emlak piyasas\u0131ma g\u00fcnl\u00fck kat\u0131l\u0131m\u0131m\u0131z ile m\u00fc\u015fterilerimiz i\u00e7in her zaman en iyi teknik ve ticari sonu\u00e7lar\u0131 elde etmeyi hedefliyoruz.<\/p>\n<p>T\u00fcm g\u00f6revlerimiz boyunca m\u00fc\u015fterilerimizle yak\u0131n bir \u015fekilde \u00e7al\u0131\u015f\u0131yor, neleri ba\u015farmak istedi\u011finizi dinliyor ve istekleriniz temelinde s\u0131kl\u0131kla yenilik\u00e7i yollar buluyoruz. Karma\u015f\u0131k g\u00f6revler s\u00f6z konusu oldu\u011funda ise, kendi \u00e7al\u0131\u015fma arkada\u015flar\u0131m\u0131zla oldu\u011fu kadar d\u0131\u015f dan\u0131\u015fmanlarla da yak\u0131ndan \u00e7al\u0131\u015farak etkili proje ekipleri olu\u015fturup y\u00f6netiyoruz. Deneyimimizin zenginli\u011fi ile geni\u015f tabanl\u0131 beceriye sahip bu kombinasyon, her zaman tam resmi g\u00f6rebilmenizi ve tamamen bilin\u00e7li kararlar alabilmenizi sa\u011flamaktad\u0131r.<\/p>\n<p>proje y\u00f6netim dan\u0131\u015fmanl\u0131\u011f\u0131 hizmetleri kapsam\u0131nda, projenin ba\u015flang\u0131c\u0131ndan itibaren Balkar \u0130n\u015faat ayr\u0131cal\u0131\u011f\u0131 ile deneyimleyece\u011finiz bir dan\u0131\u015fmanl\u0131k hizmeti sunarak, proje hedeflerini ger\u00e7ekle\u015ftirmek i\u00e7in farkl\u0131 ele al\u0131nmas\u0131 gerekti\u011fi belirlenen t\u00fcm s\u00fcre\u00e7leri yeniden tasarl\u0131yoruz. Projelerin t\u00fcm s\u00fcre\u00e7lerinden optimum verim ve sonu\u00e7lar\u0131n al\u0131nmas\u0131na, proje s\u00fcresi i\u00e7inde olu\u015fabilecek sorunlar\u0131n en etkin bir \u015fekilde \u00e7\u00f6z\u00fclmesine katk\u0131 sa\u011flamak i\u00e7in bilgi birikimlerimizden faydalanarak proje y\u00f6netim s\u00fcre\u00e7lerinin iyile\u015ftirilmesi konusunda m\u00fc\u015fterilerimize dan\u0131\u015fmanl\u0131k hizmeti veriyoruz.<\/p>\n<p>Hedefimiz, m\u00fc\u015fterilerimizin kulland\u0131\u011f\u0131 proje y\u00f6netim sisteminde yer alan t\u00fcm merkezi ve proje ekiplerinin verimlili\u011fini art\u0131rmak ve rekabetin artt\u0131\u011f\u0131 g\u00fcn\u00fcm\u00fcz ko\u015fullar\u0131nda m\u00fc\u015fterilerimizin kaynaklar\u0131n\u0131 en etkili \u015fekilde kullanmalar\u0131nda destek olmakt\u0131r. Deneyimlerimize ve ara\u015ft\u0131rmalar\u0131m\u0131za dayanarak, proje tasar\u0131m\u0131ndan tamamlanma a\u015famas\u0131na kadarki s\u00fcre\u00e7te olu\u015fabilecek sorunlar\u0131n nedenlerini belirlemek ve daha iyi bir proje y\u00f6netim sistemi kurmak amac\u0131 ile m\u00fc\u015fterilerimizle ortak \u00e7al\u0131\u015fmalar yaparak potansiyel sorunlar hakk\u0131nda bilgiler topluyoruz.<\/p>\n<p>Proje y\u00f6netim s\u00fcrecinin iyile\u015ftirilmesi i\u00e7in toplanan bilgiler ve m\u00fc\u015fteri g\u00f6r\u00fc\u015flerinin detayl\u0131 incelemelerini yaparak s\u00fcre\u00e7 analizlerini olu\u015fturuyoruz.Yap\u0131lan analizler sonucunda, projenin y\u00f6netim s\u00fcre\u00e7lerindeki verimlilik ve etkinli\u011fi art\u0131racak, hatal\u0131 imalatlar\u0131n azalt\u0131lmas\u0131na yard\u0131mc\u0131 olacak ve proje kaynaklar\u0131n\u0131n kullan\u0131m\u0131n\u0131 optimize edecek \u00e7al\u0131\u015fmalar yaparak m\u00fc\u015fterilerimiz i\u00e7in kapsaml\u0131 bir yol haritas\u0131 \u00e7\u0131kar\u0131yoruz. M\u00fc\u015fterilerimizin onaylad\u0131\u011f\u0131 yol haritalar\u0131n\u0131n hayata ge\u00e7irilmesinde uzman ekiplerimizle birlikte etkin bir \u015fekilde rol al\u0131yor ve hedeflenen t\u00fcm iyile\u015ftirme \u00e7al\u0131\u015fmalar\u0131nda istenen sonu\u00e7lara ula\u015f\u0131lmas\u0131nda katk\u0131 sa\u011fl\u0131yoruz.<\/p>\n","protected":false},"excerpt":{"rendered":"<p>\u0130n\u015faat M\u00fchendisi Arif TA\u015eKER \u0130n\u015faat Dan\u0131\u015fmanl\u0131\u011f\u0131 \u00a0 \u00a0 \u00a0\u00c7e\u015fitli tiplerdeki gayrimenkul varl\u0131klar\u0131n\u0131 de\u011ferlendirmek, geli\u015ftirmek, s\u00fcrd\u00fcrmek ve uyarlamak i\u00e7in bina ve &#8230;<\/p>\n","protected":false},"author":1,"featured_media":0,"parent":0,"menu_order":0,"comment_status":"closed","ping_status":"closed","template":"","meta":{"footnotes":""},"class_list":["post-32","page","type-page","status-publish","hentry"],"aioseo_notices":[],"_links":{"self":[{"href":"https:\/\/ariftasker.com\/index.php\/wp-json\/wp\/v2\/pages\/32","targetHints":{"allow":["GET"]}}],"collection":[{"href":"https:\/\/ariftasker.com\/index.php\/wp-json\/wp\/v2\/pages"}],"about":[{"href":"https:\/\/ariftasker.com\/index.php\/wp-json\/wp\/v2\/types\/page"}],"author":[{"embeddable":true,"href":"https:\/\/ariftasker.com\/index.php\/wp-json\/wp\/v2\/users\/1"}],"replies":[{"embeddable":true,"href":"https:\/\/ariftasker.com\/index.php\/wp-json\/wp\/v2\/comments?post=32"}],"version-history":[{"count":33,"href":"https:\/\/ariftasker.com\/index.php\/wp-json\/wp\/v2\/pages\/32\/revisions"}],"predecessor-version":[{"id":385,"href":"https:\/\/ariftasker.com\/index.php\/wp-json\/wp\/v2\/pages\/32\/revisions\/385"}],"wp:attachment":[{"href":"https:\/\/ariftasker.com\/index.php\/wp-json\/wp\/v2\/media?parent=32"}],"curies":[{"name":"wp","href":"https:\/\/api.w.org\/{rel}","templated":true}]}}